{"id":4405678,"date":"2024-10-09T11:54:12","date_gmt":"2024-10-09T09:54:12","guid":{"rendered":"https:\/\/notarbrunico.it\/datenschutz\/"},"modified":"2024-10-28T16:46:54","modified_gmt":"2024-10-28T15:46:54","slug":"datenschutz","status":"publish","type":"page","link":"https:\/\/notarbrunico.it\/de\/datenschutz\/","title":{"rendered":"Datenschutz"},"content":{"rendered":"<p>[et_pb_section fb_built=&#8220;1&#8243; _builder_version=&#8220;4.27.2&#8243; _module_preset=&#8220;default&#8220; global_colors_info=&#8220;{}&#8220;][et_pb_row column_structure=&#8220;1_2,1_2&#8243; _builder_version=&#8220;4.27.2&#8243; _module_preset=&#8220;default&#8220; width=&#8220;96%&#8220; global_colors_info=&#8220;{}&#8220;][et_pb_column type=&#8220;1_2&#8243; _builder_version=&#8220;4.27.2&#8243; _module_preset=&#8220;default&#8220; global_colors_info=&#8220;{}&#8220;][et_pb_text _builder_version=&#8220;4.27.2&#8243; _module_preset=&#8220;default&#8220; hover_enabled=&#8220;0&#8243; global_colors_info=&#8220;{}&#8220; sticky_enabled=&#8220;0&#8243;]<\/p>\n<h3>Datenschutzerkl\u00e4rung<\/h3>\n<p>Personenbezogene Daten werden manuell und computergest\u00fctzt verarbeitet, um Ihre Anfragen und die damit verbundenen Mitteilungen gem\u00e4\u00df Art. 13 der Europ\u00e4ischen Verordnung 679\/16 oder GDPR zu beantworten.<\/p>\n<p><a href=\"https:\/\/www.iubenda.com\/privacy-policy\/34847208\" target=\"_blank\" rel=\"noopener\">Datenschutzerkl\u00e4rung f\u00fcr die Website<\/a><\/p>\n<p>[\/et_pb_text][\/et_pb_column][et_pb_column type=&#8220;1_2&#8243; _builder_version=&#8220;4.27.2&#8243; _module_preset=&#8220;default&#8220; global_colors_info=&#8220;{}&#8220;][et_pb_text _builder_version=&#8220;4.27.2&#8243; _module_preset=&#8220;default&#8220; hover_enabled=&#8220;0&#8243; global_colors_info=&#8220;{}&#8220; sticky_enabled=&#8220;0&#8243;]<\/p>\n<h3>Cookie-Richtlinie<\/h3>\n<p>Wir und ausgew\u00e4hlte Dritte verwenden Cookies und \u00e4hnliche Technologien f\u00fcr technische Zwecke und, mit Ihrer Zustimmung, f\u00fcr andere Zwecke, wie in der Cookie-Richtlinie beschrieben.<br \/>\n<a href=\"https:\/\/www.iubenda.com\/privacy-policy\/34847208\/cookie-policy\" target=\"_blank\" rel=\"noopener\">Erweiterte Cookie-Richtlinie<\/a><\/p>\n<p>Ihre Einwilligung k\u00f6nnen Sie jederzeit erteilen, verweigern oder widerrufen.<br \/>\n<a class=\"iubenda-cs-preferences-link\" href=\"#\">Aktualisieren Sie Ihre Auswahl<\/a>[\/et_pb_text][\/et_pb_column][\/et_pb_row][\/et_pb_section]<\/p>\n","protected":false},"excerpt":{"rendered":"<p>Datenschutzerkl\u00e4rung Personenbezogene Daten werden manuell und computergest\u00fctzt verarbeitet, um Ihre Anfragen und die damit verbundenen Mitteilungen gem\u00e4\u00df Art. 13 der Europ\u00e4ischen Verordnung 679\/16 oder GDPR zu beantworten. Datenschutzerkl\u00e4rung f\u00fcr die WebsiteCookie-Richtlinie Wir und ausgew\u00e4hlte Dritte verwenden Cookies und \u00e4hnliche Technologien f\u00fcr technische Zwecke und, mit Ihrer Zustimmung, f\u00fcr andere Zwecke, wie in der Cookie-Richtlinie beschrieben. [&hellip;]<\/p>\n","protected":false},"author":1,"featured_media":0,"parent":0,"menu_order":0,"comment_status":"closed","ping_status":"closed","template":"","meta":{"_et_pb_use_builder":"on","_et_pb_old_content":"","_et_gb_content_width":"","footnotes":""},"class_list":["post-4405678","page","type-page","status-publish","hentry"],"_links":{"self":[{"href":"https:\/\/notarbrunico.it\/de\/wp-json\/wp\/v2\/pages\/4405678","targetHints":{"allow":["GET"]}}],"collection":[{"href":"https:\/\/notarbrunico.it\/de\/wp-json\/wp\/v2\/pages"}],"about":[{"href":"https:\/\/notarbrunico.it\/de\/wp-json\/wp\/v2\/types\/page"}],"author":[{"embeddable":true,"href":"https:\/\/notarbrunico.it\/de\/wp-json\/wp\/v2\/users\/1"}],"replies":[{"embeddable":true,"href":"https:\/\/notarbrunico.it\/de\/wp-json\/wp\/v2\/comments?post=4405678"}],"version-history":[{"count":7,"href":"https:\/\/notarbrunico.it\/de\/wp-json\/wp\/v2\/pages\/4405678\/revisions"}],"predecessor-version":[{"id":4405731,"href":"https:\/\/notarbrunico.it\/de\/wp-json\/wp\/v2\/pages\/4405678\/revisions\/4405731"}],"wp:attachment":[{"href":"https:\/\/notarbrunico.it\/de\/wp-json\/wp\/v2\/media?parent=4405678"}],"curies":[{"name":"wp","href":"https:\/\/api.w.org\/{rel}","templated":true}]}}